{"id":7846,"date":"2021-11-04T11:29:31","date_gmt":"2021-11-04T09:29:31","guid":{"rendered":"https:\/\/www.skills-alliance.com\/?page_id=7846"},"modified":"2025-03-07T10:20:07","modified_gmt":"2025-03-07T09:20:07","slug":"mentions-legales","status":"publish","type":"page","link":"https:\/\/www.skills-alliance.com\/fr\/mentions-legales\/","title":{"rendered":"Mentions l\u00e9gales"},"content":{"rendered":"\t\t<div data-elementor-type=\"wp-page\" data-elementor-id=\"7846\" class=\"elementor elementor-7846\" data-elementor-post-type=\"page\">\n\t\t\t\t\t\t<section class=\"elementor-section elementor-top-section elementor-element elementor-element-21141c16 elementor-section-boxed elementor-section-height-default elementor-section-height-default\" data-id=\"21141c16\" data-element_type=\"section\" data-e-type=\"section\" data-settings=\"{&quot;background_background&quot;:&quot;classic&quot;,&quot;shape_divider_bottom&quot;:&quot;tilt&quot;}\">\n\t\t\t\t\t<div class=\"elementor-shape elementor-shape-bottom\" aria-hidden=\"true\" data-negative=\"false\">\n\t\t\t<svg xmlns=\"http:\/\/www.w3.org\/2000\/svg\" viewBox=\"0 0 1000 100\" preserveAspectRatio=\"none\">\n\t<path class=\"elementor-shape-fill\" d=\"M0,6V0h1000v100L0,6z\"\/>\n<\/svg>\t\t<\/div>\n\t\t\t\t\t<div class=\"elementor-container elementor-column-gap-wider\">\n\t\t\t\t\t<div class=\"elementor-column elementor-col-50 elementor-top-column elementor-element elementor-element-553025eb\" data-id=\"553025eb\" data-element_type=\"column\" data-e-type=\"column\" data-settings=\"{&quot;background_background&quot;:&quot;classic&quot;}\">\n\t\t\t<div class=\"elementor-widget-wrap elementor-element-populated\">\n\t\t\t\t\t\t<div class=\"elementor-element elementor-element-2191a5ce elementor-widget elementor-widget-heading\" data-id=\"2191a5ce\" data-element_type=\"widget\" data-e-type=\"widget\" data-widget_type=\"heading.default\">\n\t\t\t\t<div class=\"elementor-widget-container\">\n\t\t\t\t\t<h2 class=\"elementor-heading-title elementor-size-default\">Mentions l\u00e9gales<\/h2>\t\t\t\t<\/div>\n\t\t\t\t<\/div>\n\t\t\t\t\t<\/div>\n\t\t<\/div>\n\t\t\t\t<div class=\"elementor-column elementor-col-50 elementor-top-column elementor-element elementor-element-532e986\" data-id=\"532e986\" data-element_type=\"column\" data-e-type=\"column\" data-settings=\"{&quot;background_background&quot;:&quot;classic&quot;}\">\n\t\t\t<div class=\"elementor-widget-wrap\">\n\t\t\t\t\t\t\t<\/div>\n\t\t<\/div>\n\t\t\t\t\t<\/div>\n\t\t<\/section>\n\t\t\t\t<section class=\"elementor-section elementor-top-section elementor-element elementor-element-5d3525d4 elementor-section-boxed elementor-section-height-default elementor-section-height-default\" data-id=\"5d3525d4\" data-element_type=\"section\" data-e-type=\"section\">\n\t\t\t\t\t\t<div class=\"elementor-container elementor-column-gap-wider\">\n\t\t\t\t\t<div class=\"elementor-column elementor-col-100 elementor-top-column elementor-element elementor-element-142145f7\" data-id=\"142145f7\" data-element_type=\"column\" data-e-type=\"column\">\n\t\t\t<div class=\"elementor-widget-wrap elementor-element-populated\">\n\t\t\t\t\t\t<div class=\"elementor-element elementor-element-4ef249ee elementor-widget elementor-widget-heading\" data-id=\"4ef249ee\" data-element_type=\"widget\" data-e-type=\"widget\" data-widget_type=\"heading.default\">\n\t\t\t\t<div class=\"elementor-widget-container\">\n\t\t\t\t\t<h3 class=\"elementor-heading-title elementor-size-default\">Mentions l\u00e9gales<\/h3>\t\t\t\t<\/div>\n\t\t\t\t<\/div>\n\t\t\t\t<div class=\"elementor-element elementor-element-91edb21 elementor-widget elementor-widget-text-editor\" data-id=\"91edb21\" data-element_type=\"widget\" data-e-type=\"widget\" data-widget_type=\"text-editor.default\">\n\t\t\t\t<div class=\"elementor-widget-container\">\n\t\t\t\t\t\t\t\t\t<p><span dir=\"ltr\" role=\"presentation\">Conform\u00e9ment aux dispositions des Articles 6-III et 19 de la Loi n\u00b02004-575 du 21 juin 2004 pour la <\/span><span dir=\"ltr\" role=\"presentation\">Confiance dans l\u2019\u00e9conomie num\u00e9rique, dite L.C.E.N., il est port\u00e9 \u00e0 la connaissance des utilisateurs et <\/span><span dir=\"ltr\" role=\"presentation\">visiteurs, ci-apr\u00e8s l&rsquo;<\/span><span dir=\"ltr\" role=\"presentation\">\u00ab <\/span><span dir=\"ltr\" role=\"presentation\">Utilisateur<\/span><span dir=\"ltr\" role=\"presentation\"><span dir=\"ltr\" role=\"presentation\"> \u00bb<\/span>, du site <a href=\"https:\/\/www.skills-alliance.com\/\" target=\"_blank\" rel=\"noopener\">https:\/\/www.skills-alliance.com\/<\/a>, ci-apr\u00e8s le <\/span><span dir=\"ltr\" role=\"presentation\">\u00ab <\/span><span dir=\"ltr\" role=\"presentation\">Site<\/span><span dir=\"ltr\" role=\"presentation\"><span dir=\"ltr\" role=\"presentation\"> \u00bb<\/span>, les <\/span><span dir=\"ltr\" role=\"presentation\">pr\u00e9sentes mentions l\u00e9gales.<\/span><br role=\"presentation\" \/><span dir=\"ltr\" role=\"presentation\">La connexion et la navigation sur le Site par l\u2019Utilisateur implique acceptation int\u00e9grale et sans r\u00e9serve <\/span><span dir=\"ltr\" role=\"presentation\">des pr\u00e9sentes mentions l\u00e9gales.<\/span><br role=\"presentation\" \/><span dir=\"ltr\" role=\"presentation\">Ces derni\u00e8res sont accessibles sur le Site \u00e0 la rubrique \u00ab Mentions l\u00e9gales \u00bb.<\/span><\/p><p><br role=\"presentation\" \/><span dir=\"ltr\" role=\"presentation\"><strong>ARTICLE 1 &#8211; L\u2019\u00c9DITEUR<\/strong><br \/><\/span><br role=\"presentation\" \/><span dir=\"ltr\" role=\"presentation\">L&rsquo;\u00e9dition du Site est assur\u00e9e par Skills-Alliance\u00ae\u00a0<\/span><span dir=\"ltr\" role=\"presentation\"> dont le si\u00e8ge social est <\/span><span dir=\"ltr\" role=\"presentation\">situ\u00e9 au 225 rue de l&rsquo;Universit\u00e9 75007 Paris.<\/span><\/p><p><span dir=\"ltr\" role=\"presentation\">Num\u00e9ro de t\u00e9l\u00e9phone : <span class=\"elementor-icon-list-text\">06 16 19 49 28<\/span><\/span><br role=\"presentation\" \/><span dir=\"ltr\" role=\"presentation\">Adresse e-mail : roqueplo@aol.com<\/span><\/p><p><br role=\"presentation\" \/><span dir=\"ltr\" role=\"presentation\">Le Directeur de la publication est Bruno Roqueplo<\/span><br role=\"presentation\" \/><span dir=\"ltr\" role=\"presentation\">ci-apr\u00e8s l'\u00a0\u00bb<\/span><span dir=\"ltr\" role=\"presentation\">\u00c9diteur<\/span><span dir=\"ltr\" role=\"presentation\">\u00ab\u00a0.<\/span><\/p><p><br role=\"presentation\" \/><span dir=\"ltr\" role=\"presentation\"><strong>ARTICLE 2 &#8211; L\u2019H\u00c9BERGEUR<\/strong><br \/><\/span><br role=\"presentation\" \/><span dir=\"ltr\" role=\"presentation\">L&rsquo;h\u00e9bergeur du Site est la soci\u00e9t\u00e9 AMEN, dont le si\u00e8ge social est situ\u00e9 au SASU, av<\/span><span dir=\"ltr\" role=\"presentation\">ec le num\u00e9ro de <\/span><span dir=\"ltr\" role=\"presentation\">t\u00e9l\u00e9phone : 01 70 99 53 41.<\/span><\/p><p><br role=\"presentation\" \/><span dir=\"ltr\" role=\"presentation\"><strong>ARTICLE 3 &#8211; ACC\u00c8S AU SITE<\/strong><br \/><\/span><br role=\"presentation\" \/><span dir=\"ltr\" role=\"presentation\">Le Site est accessible en tout endroit, 7j\/7, 24h\/24 sauf cas de force majeure, interruption <\/span><span dir=\"ltr\" role=\"presentation\">programm\u00e9e ou non et pouvant d\u00e9coulant d\u2019une n\u00e9cessit\u00e9 de maintenance.<\/span><br role=\"presentation\" \/><span dir=\"ltr\" role=\"presentation\">En cas de modification, interruption ou suspension du Site, l\u2019\u00c9diteur ne saurait \u00eatre tenu responsable.<\/span><\/p><p><br role=\"presentation\" \/><span dir=\"ltr\" role=\"presentation\"><strong>ARTICLE 4 &#8211; COLLECTE DES DONN\u00c9ES<\/strong><br \/><\/span><br role=\"presentation\" \/><span dir=\"ltr\" role=\"presentation\">Le site est exempt\u00e9 de d\u00e9claration \u00e0 la Commission Nationale Informatique et Libert\u00e9s (CNIL) dans la\u00a0 <\/span><span dir=\"ltr\" role=\"presentation\">mesure o\u00f9 il ne collecte aucune donn\u00e9e concernant les utilisateurs.<\/span><\/p><div style=\"text-align: center;\">\u00a0<\/div><p style=\"text-align: center;\"><em><span dir=\"ltr\" role=\"presentation\">Toute utilisation, reproduction, diffusion, commercialisation, modification de toute ou partie du Site<\/span><span dir=\"ltr\" role=\"presentation\">, <\/span><\/em><br role=\"presentation\" \/><em><span dir=\"ltr\" role=\"presentation\">sans autorisation de l\u2019\u00c9diteur est prohib\u00e9e et pourra entra\u00eener des actions et poursuites judiciaires <\/span><\/em><br role=\"presentation\" \/><em><span dir=\"ltr\" role=\"presentation\">telles que notamment pr\u00e9vues par le Code de la propri\u00e9t\u00e9 intellectuelle et le Code civil.<\/span><\/em><\/p>\t\t\t\t\t\t\t\t<\/div>\n\t\t\t\t<\/div>\n\t\t\t\t<div class=\"elementor-element elementor-element-4cf4e99 elementor-widget elementor-widget-heading\" data-id=\"4cf4e99\" data-element_type=\"widget\" data-e-type=\"widget\" data-widget_type=\"heading.default\">\n\t\t\t\t<div class=\"elementor-widget-container\">\n\t\t\t\t\t<h3 class=\"elementor-heading-title elementor-size-default\">Gestion des cookies<\/h3>\t\t\t\t<\/div>\n\t\t\t\t<\/div>\n\t\t\t\t<div class=\"elementor-element elementor-element-6c8df55 elementor-widget elementor-widget-text-editor\" data-id=\"6c8df55\" data-element_type=\"widget\" data-e-type=\"widget\" data-widget_type=\"text-editor.default\">\n\t\t\t\t<div class=\"elementor-widget-container\">\n\t\t\t\t\t\t\t\t\t<div>Si vous d\u00e9posez un commentaire sur notre site, il vous sera propos\u00e9 d\u2019enregistrer votre nom, adresse de messagerie et site web dans des cookies. C\u2019est uniquement pour votre confort afin de ne pas avoir \u00e0 saisir ces informations si vous d\u00e9posez un autre commentaire plus tard. Ces cookies expirent au bout d\u2019un an.<\/div><div><br \/>Si vous avez un compte et que vous vous connectez sur ce site, un cookie temporaire sera cr\u00e9\u00e9 afin de d\u00e9terminer si votre navigateur accepte les cookies. Il ne contient pas de donn\u00e9es personnelles et sera supprim\u00e9 automatiquement \u00e0 la fermeture de votre navigateur.<\/div><div><br \/>Lorsque vous vous connecterez, nous mettrons en place un certain nombre de cookies pour enregistrer vos informations de connexion et vos pr\u00e9f\u00e9rences d\u2019\u00e9cran. La dur\u00e9e de vie d\u2019un cookie de connexion est de deux jours, celle d\u2019un cookie d\u2019option d\u2019\u00e9cran est d\u2019un an. Si vous cochez \u00ab\u00a0Se souvenir de moi\u00a0\u00bb, votre cookie de connexion sera conserv\u00e9 pendant deux semaines. Si vous vous d\u00e9connectez de votre compte, le cookie de connexion sera effac\u00e9.<\/div><div><br \/>En modifiant ou en publiant une publication, un cookie suppl\u00e9mentaire sera enregistr\u00e9 dans votre navigateur. Ce cookie ne comprend aucune donn\u00e9e personnelle. Il indique simplement l\u2019ID de la publication que vous venez de modifier. Il expire au bout d\u2019un\u00a0jour.<\/div>\t\t\t\t\t\t\t\t<\/div>\n\t\t\t\t<\/div>\n\t\t\t\t\t<\/div>\n\t\t<\/div>\n\t\t\t\t\t<\/div>\n\t\t<\/section>\n\t\t\t\t<\/div>\n\t\t","protected":false},"excerpt":{"rendered":"<p>Mentions l\u00e9gales Mentions l\u00e9gales Conform\u00e9ment aux dispositions des Articles 6-III et 19 de la Loi n\u00b02004-575 du 21 juin 2004 pour la Confiance dans l\u2019\u00e9conomie num\u00e9rique, dite L.C.E.N., il est port\u00e9 \u00e0 la connaissance des utilisateurs et visiteurs, ci-apr\u00e8s l&rsquo;\u00ab Utilisateur \u00bb, du site https:\/\/www.skills-alliance.com\/, ci-apr\u00e8s le \u00ab Site \u00bb, les pr\u00e9sentes mentions l\u00e9gales.La connexion&hellip;<\/p>\n","protected":false},"author":1,"featured_media":0,"parent":0,"menu_order":0,"comment_status":"closed","ping_status":"open","template":"elementor_header_footer","meta":{"footnotes":""},"class_list":["post-7846","page","type-page","status-publish","hentry"],"yoast_head":"<!-- This site is optimized with the Yoast SEO plugin v27.5 - https:\/\/yoast.com\/product\/yoast-seo-wordpress\/ -->\n<title>Mentions l\u00e9gales - Skills-Alliance<\/title>\n<meta name=\"robots\" content=\"index, follow, max-snippet:-1, max-image-preview:large, max-video-preview:-1\" \/>\n<link rel=\"canonical\" href=\"https:\/\/www.skills-alliance.com\/fr\/mentions-legales\/\" \/>\n<meta property=\"og:locale\" content=\"fr_FR\" \/>\n<meta property=\"og:type\" content=\"article\" \/>\n<meta property=\"og:title\" content=\"Mentions l\u00e9gales - Skills-Alliance\" \/>\n<meta property=\"og:description\" content=\"Mentions l\u00e9gales Mentions l\u00e9gales Conform\u00e9ment aux dispositions des Articles 6-III et 19 de la Loi n\u00b02004-575 du 21 juin 2004 pour la Confiance dans l\u2019\u00e9conomie num\u00e9rique, dite L.C.E.N., il est port\u00e9 \u00e0 la connaissance des utilisateurs et visiteurs, ci-apr\u00e8s l&rsquo;\u00ab Utilisateur \u00bb, du site https:\/\/www.skills-alliance.com\/, ci-apr\u00e8s le \u00ab Site \u00bb, les pr\u00e9sentes mentions l\u00e9gales.La connexion&hellip;\" \/>\n<meta property=\"og:url\" content=\"https:\/\/www.skills-alliance.com\/fr\/mentions-legales\/\" \/>\n<meta property=\"og:site_name\" content=\"Skills-Alliance\" \/>\n<meta property=\"article:modified_time\" content=\"2025-03-07T09:20:07+00:00\" \/>\n<meta name=\"twitter:card\" content=\"summary_large_image\" \/>\n<meta name=\"twitter:label1\" content=\"Dur\u00e9e de lecture estim\u00e9e\" \/>\n\t<meta name=\"twitter:data1\" content=\"3 minutes\" \/>\n<script type=\"application\/ld+json\" class=\"yoast-schema-graph\">{\"@context\":\"https:\\\/\\\/schema.org\",\"@graph\":[{\"@type\":\"WebPage\",\"@id\":\"https:\\\/\\\/www.skills-alliance.com\\\/fr\\\/mentions-legales\\\/\",\"url\":\"https:\\\/\\\/www.skills-alliance.com\\\/fr\\\/mentions-legales\\\/\",\"name\":\"Mentions l\u00e9gales - Skills-Alliance\",\"isPartOf\":{\"@id\":\"https:\\\/\\\/www.skills-alliance.com\\\/fr\\\/#website\"},\"datePublished\":\"2021-11-04T09:29:31+00:00\",\"dateModified\":\"2025-03-07T09:20:07+00:00\",\"breadcrumb\":{\"@id\":\"https:\\\/\\\/www.skills-alliance.com\\\/fr\\\/mentions-legales\\\/#breadcrumb\"},\"inLanguage\":\"fr-FR\",\"potentialAction\":[{\"@type\":\"ReadAction\",\"target\":[\"https:\\\/\\\/www.skills-alliance.com\\\/fr\\\/mentions-legales\\\/\"]}]},{\"@type\":\"BreadcrumbList\",\"@id\":\"https:\\\/\\\/www.skills-alliance.com\\\/fr\\\/mentions-legales\\\/#breadcrumb\",\"itemListElement\":[{\"@type\":\"ListItem\",\"position\":1,\"name\":\"Accueil\",\"item\":\"https:\\\/\\\/www.skills-alliance.com\\\/fr\\\/\"},{\"@type\":\"ListItem\",\"position\":2,\"name\":\"Mentions l\u00e9gales\"}]},{\"@type\":\"WebSite\",\"@id\":\"https:\\\/\\\/www.skills-alliance.com\\\/fr\\\/#website\",\"url\":\"https:\\\/\\\/www.skills-alliance.com\\\/fr\\\/\",\"name\":\"Skills-Alliance\",\"description\":\"Internationnal Executive Interim Management\",\"publisher\":{\"@id\":\"https:\\\/\\\/www.skills-alliance.com\\\/fr\\\/#organization\"},\"potentialAction\":[{\"@type\":\"SearchAction\",\"target\":{\"@type\":\"EntryPoint\",\"urlTemplate\":\"https:\\\/\\\/www.skills-alliance.com\\\/fr\\\/?s={search_term_string}\"},\"query-input\":{\"@type\":\"PropertyValueSpecification\",\"valueRequired\":true,\"valueName\":\"search_term_string\"}}],\"inLanguage\":\"fr-FR\"},{\"@type\":\"Organization\",\"@id\":\"https:\\\/\\\/www.skills-alliance.com\\\/fr\\\/#organization\",\"name\":\"Skills-Alliance\",\"url\":\"https:\\\/\\\/www.skills-alliance.com\\\/fr\\\/\",\"logo\":{\"@type\":\"ImageObject\",\"inLanguage\":\"fr-FR\",\"@id\":\"https:\\\/\\\/www.skills-alliance.com\\\/fr\\\/#\\\/schema\\\/logo\\\/image\\\/\",\"url\":\"https:\\\/\\\/www.skills-alliance.com\\\/wp-content\\\/uploads\\\/2021\\\/08\\\/Logo_Skills-Alliance_SA_200.png\",\"contentUrl\":\"https:\\\/\\\/www.skills-alliance.com\\\/wp-content\\\/uploads\\\/2021\\\/08\\\/Logo_Skills-Alliance_SA_200.png\",\"width\":200,\"height\":68,\"caption\":\"Skills-Alliance\"},\"image\":{\"@id\":\"https:\\\/\\\/www.skills-alliance.com\\\/fr\\\/#\\\/schema\\\/logo\\\/image\\\/\"}}]}<\/script>\n<!-- \/ Yoast SEO plugin. -->","yoast_head_json":{"title":"Mentions l\u00e9gales - Skills-Alliance","robots":{"index":"index","follow":"follow","max-snippet":"max-snippet:-1","max-image-preview":"max-image-preview:large","max-video-preview":"max-video-preview:-1"},"canonical":"https:\/\/www.skills-alliance.com\/fr\/mentions-legales\/","og_locale":"fr_FR","og_type":"article","og_title":"Mentions l\u00e9gales - Skills-Alliance","og_description":"Mentions l\u00e9gales Mentions l\u00e9gales Conform\u00e9ment aux dispositions des Articles 6-III et 19 de la Loi n\u00b02004-575 du 21 juin 2004 pour la Confiance dans l\u2019\u00e9conomie num\u00e9rique, dite L.C.E.N., il est port\u00e9 \u00e0 la connaissance des utilisateurs et visiteurs, ci-apr\u00e8s l&rsquo;\u00ab Utilisateur \u00bb, du site https:\/\/www.skills-alliance.com\/, ci-apr\u00e8s le \u00ab Site \u00bb, les pr\u00e9sentes mentions l\u00e9gales.La connexion&hellip;","og_url":"https:\/\/www.skills-alliance.com\/fr\/mentions-legales\/","og_site_name":"Skills-Alliance","article_modified_time":"2025-03-07T09:20:07+00:00","twitter_card":"summary_large_image","twitter_misc":{"Dur\u00e9e de lecture estim\u00e9e":"3 minutes"},"schema":{"@context":"https:\/\/schema.org","@graph":[{"@type":"WebPage","@id":"https:\/\/www.skills-alliance.com\/fr\/mentions-legales\/","url":"https:\/\/www.skills-alliance.com\/fr\/mentions-legales\/","name":"Mentions l\u00e9gales - Skills-Alliance","isPartOf":{"@id":"https:\/\/www.skills-alliance.com\/fr\/#website"},"datePublished":"2021-11-04T09:29:31+00:00","dateModified":"2025-03-07T09:20:07+00:00","breadcrumb":{"@id":"https:\/\/www.skills-alliance.com\/fr\/mentions-legales\/#breadcrumb"},"inLanguage":"fr-FR","potentialAction":[{"@type":"ReadAction","target":["https:\/\/www.skills-alliance.com\/fr\/mentions-legales\/"]}]},{"@type":"BreadcrumbList","@id":"https:\/\/www.skills-alliance.com\/fr\/mentions-legales\/#breadcrumb","itemListElement":[{"@type":"ListItem","position":1,"name":"Accueil","item":"https:\/\/www.skills-alliance.com\/fr\/"},{"@type":"ListItem","position":2,"name":"Mentions l\u00e9gales"}]},{"@type":"WebSite","@id":"https:\/\/www.skills-alliance.com\/fr\/#website","url":"https:\/\/www.skills-alliance.com\/fr\/","name":"Skills-Alliance","description":"Internationnal Executive Interim Management","publisher":{"@id":"https:\/\/www.skills-alliance.com\/fr\/#organization"},"potentialAction":[{"@type":"SearchAction","target":{"@type":"EntryPoint","urlTemplate":"https:\/\/www.skills-alliance.com\/fr\/?s={search_term_string}"},"query-input":{"@type":"PropertyValueSpecification","valueRequired":true,"valueName":"search_term_string"}}],"inLanguage":"fr-FR"},{"@type":"Organization","@id":"https:\/\/www.skills-alliance.com\/fr\/#organization","name":"Skills-Alliance","url":"https:\/\/www.skills-alliance.com\/fr\/","logo":{"@type":"ImageObject","inLanguage":"fr-FR","@id":"https:\/\/www.skills-alliance.com\/fr\/#\/schema\/logo\/image\/","url":"https:\/\/www.skills-alliance.com\/wp-content\/uploads\/2021\/08\/Logo_Skills-Alliance_SA_200.png","contentUrl":"https:\/\/www.skills-alliance.com\/wp-content\/uploads\/2021\/08\/Logo_Skills-Alliance_SA_200.png","width":200,"height":68,"caption":"Skills-Alliance"},"image":{"@id":"https:\/\/www.skills-alliance.com\/fr\/#\/schema\/logo\/image\/"}}]}},"_links":{"self":[{"href":"https:\/\/www.skills-alliance.com\/fr\/wp-json\/wp\/v2\/pages\/7846","targetHints":{"allow":["GET"]}}],"collection":[{"href":"https:\/\/www.skills-alliance.com\/fr\/wp-json\/wp\/v2\/pages"}],"about":[{"href":"https:\/\/www.skills-alliance.com\/fr\/wp-json\/wp\/v2\/types\/page"}],"author":[{"embeddable":true,"href":"https:\/\/www.skills-alliance.com\/fr\/wp-json\/wp\/v2\/users\/1"}],"replies":[{"embeddable":true,"href":"https:\/\/www.skills-alliance.com\/fr\/wp-json\/wp\/v2\/comments?post=7846"}],"version-history":[{"count":0,"href":"https:\/\/www.skills-alliance.com\/fr\/wp-json\/wp\/v2\/pages\/7846\/revisions"}],"wp:attachment":[{"href":"https:\/\/www.skills-alliance.com\/fr\/wp-json\/wp\/v2\/media?parent=7846"}],"curies":[{"name":"wp","href":"https:\/\/api.w.org\/{rel}","templated":true}]}}