{"id":6792,"date":"2021-10-13T11:45:38","date_gmt":"2021-10-13T09:45:38","guid":{"rendered":"https:\/\/www.skills-alliance.com\/?page_id=6792"},"modified":"2025-03-09T17:58:50","modified_gmt":"2025-03-09T16:58:50","slug":"candidater","status":"publish","type":"page","link":"https:\/\/www.skills-alliance.com\/fr\/candidater\/","title":{"rendered":"Candidater"},"content":{"rendered":"\t\t<div data-elementor-type=\"wp-page\" data-elementor-id=\"6792\" class=\"elementor elementor-6792\" data-elementor-post-type=\"page\">\n\t\t\t\t\t\t<section class=\"elementor-section elementor-top-section elementor-element elementor-element-33a3fde1 elementor-section-boxed elementor-section-height-default elementor-section-height-default\" data-id=\"33a3fde1\" data-element_type=\"section\" data-e-type=\"section\" data-settings=\"{&quot;background_background&quot;:&quot;classic&quot;,&quot;shape_divider_bottom&quot;:&quot;tilt&quot;}\">\n\t\t\t\t\t<div class=\"elementor-shape elementor-shape-bottom\" aria-hidden=\"true\" data-negative=\"false\">\n\t\t\t<svg xmlns=\"http:\/\/www.w3.org\/2000\/svg\" viewBox=\"0 0 1000 100\" preserveAspectRatio=\"none\">\n\t<path class=\"elementor-shape-fill\" d=\"M0,6V0h1000v100L0,6z\"\/>\n<\/svg>\t\t<\/div>\n\t\t\t\t\t<div class=\"elementor-container elementor-column-gap-wider\">\n\t\t\t\t\t<div class=\"elementor-column elementor-col-50 elementor-top-column elementor-element elementor-element-44e809b2\" data-id=\"44e809b2\" data-element_type=\"column\" data-e-type=\"column\" data-settings=\"{&quot;background_background&quot;:&quot;classic&quot;}\">\n\t\t\t<div class=\"elementor-widget-wrap elementor-element-populated\">\n\t\t\t\t\t\t<div class=\"elementor-element elementor-element-608a650f elementor-widget elementor-widget-heading\" data-id=\"608a650f\" data-element_type=\"widget\" data-e-type=\"widget\" data-widget_type=\"heading.default\">\n\t\t\t\t<div class=\"elementor-widget-container\">\n\t\t\t\t\t<h2 class=\"elementor-heading-title elementor-size-default\">Candidater<\/h2>\t\t\t\t<\/div>\n\t\t\t\t<\/div>\n\t\t\t\t<div class=\"elementor-element elementor-element-6e901a61 elementor-widget elementor-widget-spacer\" data-id=\"6e901a61\" data-element_type=\"widget\" data-e-type=\"widget\" data-widget_type=\"spacer.default\">\n\t\t\t\t<div class=\"elementor-widget-container\">\n\t\t\t\t\t\t\t<div class=\"elementor-spacer\">\n\t\t\t<div class=\"elementor-spacer-inner\"><\/div>\n\t\t<\/div>\n\t\t\t\t\t\t<\/div>\n\t\t\t\t<\/div>\n\t\t\t\t\t<\/div>\n\t\t<\/div>\n\t\t\t\t<div class=\"elementor-column elementor-col-50 elementor-top-column elementor-element elementor-element-140351dc\" data-id=\"140351dc\" data-element_type=\"column\" data-e-type=\"column\" data-settings=\"{&quot;background_background&quot;:&quot;classic&quot;}\">\n\t\t\t<div class=\"elementor-widget-wrap\">\n\t\t\t\t\t\t\t<\/div>\n\t\t<\/div>\n\t\t\t\t\t<\/div>\n\t\t<\/section>\n\t\t\t\t<section class=\"elementor-section elementor-top-section elementor-element elementor-element-395e0462 elementor-section-boxed elementor-section-height-default elementor-section-height-default\" data-id=\"395e0462\" data-element_type=\"section\" data-e-type=\"section\">\n\t\t\t\t\t\t<div class=\"elementor-container elementor-column-gap-default\">\n\t\t\t\t\t<div class=\"elementor-column elementor-col-50 elementor-top-column elementor-element elementor-element-3c89a4d\" data-id=\"3c89a4d\" data-element_type=\"column\" data-e-type=\"column\" data-settings=\"{&quot;background_background&quot;:&quot;classic&quot;}\">\n\t\t\t<div class=\"elementor-widget-wrap elementor-element-populated\">\n\t\t\t\t\t\t<div class=\"elementor-element elementor-element-96f3dbc elementor-widget elementor-widget-heading\" data-id=\"96f3dbc\" data-element_type=\"widget\" data-e-type=\"widget\" data-widget_type=\"heading.default\">\n\t\t\t\t<div class=\"elementor-widget-container\">\n\t\t\t\t\t<h3 class=\"elementor-heading-title elementor-size-default\">Managers<\/h3>\t\t\t\t<\/div>\n\t\t\t\t<\/div>\n\t\t\t\t<div class=\"elementor-element elementor-element-e3beb35 elementor-widget elementor-widget-text-editor\" data-id=\"e3beb35\" data-element_type=\"widget\" data-e-type=\"widget\" data-widget_type=\"text-editor.default\">\n\t\t\t\t<div class=\"elementor-widget-container\">\n\t\t\t\t\t\t\t\t\t<p><span data-contrast=\"auto\">Vous souhaitez en savoir plus sur Skills-Alliance\u00ae ? <br \/><\/span><span data-contrast=\"auto\">N\u2019h\u00e9sitez pas \u00e0 <a href=\"mailto:roqueplo@aol.com\"><strong>nous <\/strong><\/a><\/span><a href=\"mailto:roqueplo@aol.com\"><strong>envoyer un message<\/strong><\/a><span data-contrast=\"auto\">. <\/span><\/p><p><span data-contrast=\"auto\">Si vous \u00eates int\u00e9ress\u00e9s \u00e0 rejoindre Skills-Alliance\u00ae en tant que manager de transition, et que vous adh\u00e9rez aux valeurs de <\/span><span data-contrast=\"none\">notre charte<\/span><span data-contrast=\"auto\">, remplissez le <\/span><span data-contrast=\"none\">formulaire cooptation<\/span><span data-contrast=\"auto\">.<\/span><span data-ccp-props=\"{\">\u00a0<\/span><\/p>\t\t\t\t\t\t\t\t<\/div>\n\t\t\t\t<\/div>\n\t\t\t\t<div class=\"elementor-element elementor-element-654ea8b4 elementor-widget elementor-widget-text-editor\" data-id=\"654ea8b4\" data-element_type=\"widget\" data-e-type=\"widget\" data-widget_type=\"text-editor.default\">\n\t\t\t\t<div class=\"elementor-widget-container\">\n\t\t\t\t\t\t\t\t\t<p><strong>Vous avez :<\/strong><\/p><ul><li>Une vingtaine d&rsquo;ann\u00e9es d\u2019exp\u00e9rience professionnelle dans des fonctions de Direction et Direction G\u00e9n\u00e9rale<\/li><li>Travaill\u00e9 dans plusieurs entreprises et dans des secteurs diff\u00e9rents<\/li><li>Pilot\u00e9 des projets de d\u00e9veloppement, d\u2019am\u00e9lioration des performances, de transformation et conduite du changement. Vous avez pilot\u00e9 des crises, des projets de restructuration ou de retournement<\/li><li>Une exp\u00e9rience multiculturelle, vous avez travaill\u00e9 \u00e0 l\u2019international : filiales fran\u00e7aises \u00e0 l\u2019\u00e9tranger, filiales fran\u00e7aises d\u2019entreprises \u00e9trang\u00e8res<\/li><li>\u00c9t\u00e9 membre de comit\u00e9s ex\u00e9cutifs<\/li><li>Une expertise sectorielle et\/ou fonctionnelle<\/li><li>Une exp\u00e9rience en management de transition ou \u00e9quivalent<\/li><\/ul>\t\t\t\t\t\t\t\t<\/div>\n\t\t\t\t<\/div>\n\t\t\t\t<div class=\"elementor-element elementor-element-210961b elementor-widget elementor-widget-text-editor\" data-id=\"210961b\" data-element_type=\"widget\" data-e-type=\"widget\" data-widget_type=\"text-editor.default\">\n\t\t\t\t<div class=\"elementor-widget-container\">\n\t\t\t\t\t\t\t\t\t<p><strong>Vous voulez: <\/strong><\/p><ul><li>Exercer le m\u00e9tier de dirigeant de transition<\/li><li>Vous impliquer dans Skills-Alliance<\/li><li>Int\u00e9grer votre r\u00e9seau \u00e0 celui de Skills-Alliance<\/li><li>Adh\u00e9rer \u00e0 notre philosophie<\/li><\/ul>\t\t\t\t\t\t\t\t<\/div>\n\t\t\t\t<\/div>\n\t\t\t\t<div class=\"elementor-element elementor-element-e5c8484 elementor-widget elementor-widget-text-editor\" data-id=\"e5c8484\" data-element_type=\"widget\" data-e-type=\"widget\" data-widget_type=\"text-editor.default\">\n\t\t\t\t<div class=\"elementor-widget-container\">\n\t\t\t\t\t\t\t\t\t<p>Si vous ne r\u00e9pondez pas \u00e0 tous ces crit\u00e8res, mais si vous pensez que votre personnalit\u00e9, votre exp\u00e9rience, votre parcours ou votre vie devraient nous convaincre, n\u2019h\u00e9sitez pas \u00e0 postuler !<\/p><p>Nous examinons toutes les candidatures et reviendrons vers vous si possible adh\u00e9sion.<\/p>\t\t\t\t\t\t\t\t<\/div>\n\t\t\t\t<\/div>\n\t\t\t\t\t<\/div>\n\t\t<\/div>\n\t\t\t\t<div class=\"elementor-column elementor-col-50 elementor-top-column elementor-element elementor-element-4f200bb5\" data-id=\"4f200bb5\" data-element_type=\"column\" data-e-type=\"column\">\n\t\t\t<div class=\"elementor-widget-wrap elementor-element-populated\">\n\t\t\t\t\t\t<section class=\"elementor-section elementor-inner-section elementor-element elementor-element-e37da9 elementor-section-boxed elementor-section-height-default elementor-section-height-default\" data-id=\"e37da9\" data-element_type=\"section\" data-e-type=\"section\" data-settings=\"{&quot;sticky&quot;:&quot;top&quot;,&quot;sticky_offset&quot;:90,&quot;sticky_effects_offset&quot;:5,&quot;sticky_parent&quot;:&quot;yes&quot;,&quot;sticky_on&quot;:[&quot;desktop&quot;,&quot;tablet&quot;,&quot;mobile&quot;],&quot;sticky_anchor_link_offset&quot;:0}\">\n\t\t\t\t\t\t<div class=\"elementor-container elementor-column-gap-default\">\n\t\t\t\t\t<div class=\"elementor-column elementor-col-100 elementor-inner-column elementor-element elementor-element-1a457cfd\" data-id=\"1a457cfd\" data-element_type=\"column\" data-e-type=\"column\">\n\t\t\t<div class=\"elementor-widget-wrap elementor-element-populated\">\n\t\t\t\t\t\t<div class=\"elementor-element elementor-element-a4e565b elementor-widget elementor-widget-heading\" data-id=\"a4e565b\" data-element_type=\"widget\" data-e-type=\"widget\" data-widget_type=\"heading.default\">\n\t\t\t\t<div class=\"elementor-widget-container\">\n\t\t\t\t\t<h4 class=\"elementor-heading-title elementor-size-default\">Formulaire de cooptation<\/h4>\t\t\t\t<\/div>\n\t\t\t\t<\/div>\n\t\t\t\t<div class=\"elementor-element elementor-element-730308a elementor-widget elementor-widget-text-editor\" data-id=\"730308a\" data-element_type=\"widget\" data-e-type=\"widget\" data-widget_type=\"text-editor.default\">\n\t\t\t\t<div class=\"elementor-widget-container\">\n\t\t\t\t\t\t\t\t\t<p><strong>Processus<\/strong><\/p><ol><li>Envoi du CV et de la lettre de motivation via le site.<\/li><li>Entretien avec plusieurs membres de <span data-contrast=\"auto\">Skills-Alliance\u00ae<\/span>.<\/li><li>Prise de r\u00e9f\u00e9rences du candidats.<\/li><li>Int\u00e9gration dans le groupe.<\/li><\/ol>\t\t\t\t\t\t\t\t<\/div>\n\t\t\t\t<\/div>\n\t\t\t\t<div class=\"elementor-element elementor-element-7309ba64 elementor-widget elementor-widget-text-editor\" data-id=\"7309ba64\" data-element_type=\"widget\" data-e-type=\"widget\" data-widget_type=\"text-editor.default\">\n\t\t\t\t<div class=\"elementor-widget-container\">\n\t\t\t\t\t\t\t\t\t<p><em>Merci de pr\u00e9parer un <strong>CV<\/strong> (Word, PDF) avant de remplir ce formulaire.<\/em><\/p>\t\t\t\t\t\t\t\t<\/div>\n\t\t\t\t<\/div>\n\t\t\t\t<div class=\"elementor-element elementor-element-50461166 elementor-button-align-center elementor-widget elementor-widget-form\" data-id=\"50461166\" data-element_type=\"widget\" data-e-type=\"widget\" data-settings=\"{&quot;step_next_label&quot;:&quot;Next&quot;,&quot;step_previous_label&quot;:&quot;Previous&quot;,&quot;step_type&quot;:&quot;number_text&quot;,&quot;step_icon_shape&quot;:&quot;circle&quot;}\" data-widget_type=\"form.default\">\n\t\t\t\t<div class=\"elementor-widget-container\">\n\t\t\t\t\t\t\t<form class=\"elementor-form\" method=\"post\" name=\"Entreprise\">\n\t\t\t<input type=\"hidden\" name=\"post_id\" value=\"6792\"\/>\n\t\t\t<input type=\"hidden\" name=\"form_id\" value=\"50461166\"\/>\n\t\t\t<input type=\"hidden\" name=\"referer_title\" value=\"Skills-Alliance\" \/>\n\n\t\t\t\n\t\t\t<div class=\"elementor-form-fields-wrapper elementor-labels-\">\n\t\t\t\t\t\t\t\t<div class=\"elementor-field-type-text elementor-field-group elementor-column elementor-field-group-name elementor-col-100 elementor-field-required\">\n\t\t\t\t\t\t\t\t\t\t\t\t<label for=\"form-field-name\" class=\"elementor-field-label elementor-screen-only\">\n\t\t\t\t\t\t\t\tNom\t\t\t\t\t\t\t<\/label>\n\t\t\t\t\t\t\t\t\t\t\t\t\t\t<input size=\"1\" type=\"text\" name=\"form_fields[name]\" id=\"form-field-name\" class=\"elementor-field elementor-size-sm  elementor-field-textual\" placeholder=\"Nom\" required=\"required\">\n\t\t\t\t\t\t\t\t\t\t\t<\/div>\n\t\t\t\t\t\t\t\t<div class=\"elementor-field-type-text elementor-field-group elementor-column elementor-field-group-field_7544a0d elementor-col-100 elementor-field-required\">\n\t\t\t\t\t\t\t\t\t\t\t\t<label for=\"form-field-field_7544a0d\" class=\"elementor-field-label elementor-screen-only\">\n\t\t\t\t\t\t\t\tPr\u00e9nom\t\t\t\t\t\t\t<\/label>\n\t\t\t\t\t\t\t\t\t\t\t\t\t\t<input size=\"1\" type=\"text\" name=\"form_fields[field_7544a0d]\" id=\"form-field-field_7544a0d\" class=\"elementor-field elementor-size-sm  elementor-field-textual\" placeholder=\"Pr\u00e9nom\" required=\"required\">\n\t\t\t\t\t\t\t\t\t\t\t<\/div>\n\t\t\t\t\t\t\t\t<div class=\"elementor-field-type-email elementor-field-group elementor-column elementor-field-group-email elementor-col-100 elementor-field-required\">\n\t\t\t\t\t\t\t\t\t\t\t\t<label for=\"form-field-email\" class=\"elementor-field-label elementor-screen-only\">\n\t\t\t\t\t\t\t\tEmail\t\t\t\t\t\t\t<\/label>\n\t\t\t\t\t\t\t\t\t\t\t\t\t\t<input size=\"1\" type=\"email\" name=\"form_fields[email]\" id=\"form-field-email\" class=\"elementor-field elementor-size-sm  elementor-field-textual\" placeholder=\"Email\" required=\"required\">\n\t\t\t\t\t\t\t\t\t\t\t<\/div>\n\t\t\t\t\t\t\t\t<div class=\"elementor-field-type-tel elementor-field-group elementor-column elementor-field-group-field_7a1c938 elementor-col-100 elementor-field-required\">\n\t\t\t\t\t\t\t\t\t\t\t\t<label for=\"form-field-field_7a1c938\" class=\"elementor-field-label elementor-screen-only\">\n\t\t\t\t\t\t\t\tT\u00e9l\u00e9phone\t\t\t\t\t\t\t<\/label>\n\t\t\t\t\t\t\t\t<input size=\"1\" type=\"tel\" name=\"form_fields[field_7a1c938]\" id=\"form-field-field_7a1c938\" class=\"elementor-field elementor-size-sm  elementor-field-textual\" placeholder=\"T\u00e9l\u00e9phone\" required=\"required\" pattern=\"[0-9()#&amp;+*-=.]+\" title=\"Only numbers and phone characters (#, -, *, etc) are accepted.\">\n\n\t\t\t\t\t\t<\/div>\n\t\t\t\t\t\t\t\t<div class=\"elementor-field-type-text elementor-field-group elementor-column elementor-field-group-field_caedc2a elementor-col-100 elementor-field-required\">\n\t\t\t\t\t\t\t\t\t\t\t\t<label for=\"form-field-field_caedc2a\" class=\"elementor-field-label elementor-screen-only\">\n\t\t\t\t\t\t\t\tVille de r\u00e9sidence\t\t\t\t\t\t\t<\/label>\n\t\t\t\t\t\t\t\t\t\t\t\t\t\t<input size=\"1\" type=\"text\" name=\"form_fields[field_caedc2a]\" id=\"form-field-field_caedc2a\" class=\"elementor-field elementor-size-sm  elementor-field-textual\" placeholder=\"Ville de r\u00e9sidence\" required=\"required\">\n\t\t\t\t\t\t\t\t\t\t\t<\/div>\n\t\t\t\t\t\t\t\t<div class=\"elementor-field-type-text elementor-field-group elementor-column elementor-field-group-field_2631058 elementor-col-100 elementor-field-required\">\n\t\t\t\t\t\t\t\t\t\t\t\t<label for=\"form-field-field_2631058\" class=\"elementor-field-label elementor-screen-only\">\n\t\t\t\t\t\t\t\tPays de r\u00e9sidence\t\t\t\t\t\t\t<\/label>\n\t\t\t\t\t\t\t\t\t\t\t\t\t\t<input size=\"1\" type=\"text\" name=\"form_fields[field_2631058]\" id=\"form-field-field_2631058\" class=\"elementor-field elementor-size-sm  elementor-field-textual\" placeholder=\"Pays de r\u00e9sidence\" required=\"required\">\n\t\t\t\t\t\t\t\t\t\t\t<\/div>\n\t\t\t\t\t\t\t\t<div class=\"elementor-field-type-url elementor-field-group elementor-column elementor-field-group-field_8a26953 elementor-col-100 elementor-field-required\">\n\t\t\t\t\t\t\t\t\t\t\t\t<label for=\"form-field-field_8a26953\" class=\"elementor-field-label elementor-screen-only\">\n\t\t\t\t\t\t\t\tProfil LinkedIn\t\t\t\t\t\t\t<\/label>\n\t\t\t\t\t\t\t\t\t\t\t\t\t\t<input size=\"1\" type=\"url\" name=\"form_fields[field_8a26953]\" id=\"form-field-field_8a26953\" class=\"elementor-field elementor-size-sm  elementor-field-textual\" placeholder=\"Profil LinkedIn\" required=\"required\">\n\t\t\t\t\t\t\t\t\t\t\t<\/div>\n\t\t\t\t\t\t\t\t<div class=\"elementor-field-type-textarea elementor-field-group elementor-column elementor-field-group-field_ee5f3bd elementor-col-100 elementor-field-required\">\n\t\t\t\t\t\t\t\t\t\t\t\t<label for=\"form-field-field_ee5f3bd\" class=\"elementor-field-label elementor-screen-only\">\n\t\t\t\t\t\t\t\tLettre de Motivation\t\t\t\t\t\t\t<\/label>\n\t\t\t\t\t\t<textarea class=\"elementor-field-textual elementor-field  elementor-size-sm\" name=\"form_fields[field_ee5f3bd]\" id=\"form-field-field_ee5f3bd\" rows=\"4\" placeholder=\"Lettre de Motivation\" required=\"required\"><\/textarea>\t\t\t\t<\/div>\n\t\t\t\t\t\t\t\t<div class=\"elementor-field-type-upload elementor-field-group elementor-column elementor-field-group-field_ae8163e elementor-col-100\">\n\t\t\t\t\t\t\t\t\t\t\t\t<label for=\"form-field-field_ae8163e\" class=\"elementor-field-label elementor-screen-only\">\n\t\t\t\t\t\t\t\tCV\t\t\t\t\t\t\t<\/label>\n\t\t\t\t\t\t\t\t<input type=\"file\" name=\"form_fields[field_ae8163e][]\" id=\"form-field-field_ae8163e\" class=\"elementor-field elementor-size-sm  elementor-upload-field\" multiple=\"multiple\" data-maxsize=\"16\" data-maxsize-message=\"This file exceeds the maximum allowed size.\">\n\n\t\t\t\t\t\t<\/div>\n\t\t\t\t\t\t\t\t<div class=\"elementor-field-group elementor-column elementor-field-type-submit elementor-col-100 e-form__buttons\">\n\t\t\t\t\t<button class=\"elementor-button elementor-size-md\" type=\"submit\">\n\t\t\t\t\t\t<span class=\"elementor-button-content-wrapper\">\n\t\t\t\t\t\t\t\t\t\t\t\t\t\t\t<span class=\"elementor-button-icon\">\n\t\t\t\t\t\t\t\t\t<svg aria-hidden=\"true\" class=\"e-font-icon-svg e-fas-paper-plane\" viewBox=\"0 0 512 512\" xmlns=\"http:\/\/www.w3.org\/2000\/svg\"><path d=\"M476 3.2L12.5 270.6c-18.1 10.4-15.8 35.6 2.2 43.2L121 358.4l287.3-253.2c5.5-4.9 13.3 2.6 8.6 8.3L176 407v80.5c0 23.6 28.5 32.9 42.5 15.8L282 426l124.6 52.2c14.2 6 30.4-2.9 33-18.2l72-432C515 7.8 493.3-6.8 476 3.2z\"><\/path><\/svg>\t\t\t\t\t\t\t\t\t\t\t\t\t\t\t\t\t<\/span>\n\t\t\t\t\t\t\t\t\t\t\t\t\t\t\t\t\t\t\t\t\t\t<span class=\"elementor-button-text\">Envoyer<\/span>\n\t\t\t\t\t\t\t\t\t\t\t\t\t<\/span>\n\t\t\t\t\t<\/button>\n\t\t\t\t<\/div>\n\t\t\t<\/div>\n\t\t<\/form>\n\t\t\t\t\t\t<\/div>\n\t\t\t\t<\/div>\n\t\t\t\t<div class=\"elementor-element elementor-element-689e27ff elementor-widget elementor-widget-spacer\" data-id=\"689e27ff\" data-element_type=\"widget\" data-e-type=\"widget\" data-settings=\"{&quot;sticky&quot;:&quot;top&quot;,&quot;sticky_parent&quot;:&quot;yes&quot;,&quot;sticky_on&quot;:[&quot;desktop&quot;,&quot;tablet&quot;,&quot;mobile&quot;],&quot;sticky_offset&quot;:0,&quot;sticky_effects_offset&quot;:0,&quot;sticky_anchor_link_offset&quot;:0}\" data-widget_type=\"spacer.default\">\n\t\t\t\t<div class=\"elementor-widget-container\">\n\t\t\t\t\t\t\t<div class=\"elementor-spacer\">\n\t\t\t<div class=\"elementor-spacer-inner\"><\/div>\n\t\t<\/div>\n\t\t\t\t\t\t<\/div>\n\t\t\t\t<\/div>\n\t\t\t\t\t<\/div>\n\t\t<\/div>\n\t\t\t\t\t<\/div>\n\t\t<\/section>\n\t\t\t\t\t<\/div>\n\t\t<\/div>\n\t\t\t\t\t<\/div>\n\t\t<\/section>\n\t\t\t\t<\/div>\n\t\t","protected":false},"excerpt":{"rendered":"<p>Candidater Managers Vous souhaitez en savoir plus sur Skills-Alliance\u00ae ? N\u2019h\u00e9sitez pas \u00e0 nous envoyer un message. Si vous \u00eates int\u00e9ress\u00e9s \u00e0 rejoindre Skills-Alliance\u00ae en tant que manager de transition, et que vous adh\u00e9rez aux valeurs de notre charte, remplissez le formulaire cooptation.\u00a0 Vous avez : Une vingtaine d&rsquo;ann\u00e9es d\u2019exp\u00e9rience professionnelle dans des fonctions de&hellip;<\/p>\n","protected":false},"author":1,"featured_media":0,"parent":0,"menu_order":90,"comment_status":"closed","ping_status":"open","template":"elementor_header_footer","meta":{"footnotes":""},"class_list":["post-6792","page","type-page","status-publish","hentry"],"yoast_head":"<!-- This site is optimized with the Yoast SEO plugin v27.5 - https:\/\/yoast.com\/product\/yoast-seo-wordpress\/ -->\n<title>Candidater - Skills-Alliance<\/title>\n<meta name=\"robots\" content=\"index, follow, max-snippet:-1, max-image-preview:large, max-video-preview:-1\" \/>\n<link rel=\"canonical\" href=\"https:\/\/www.skills-alliance.com\/fr\/candidater\/\" \/>\n<meta property=\"og:locale\" content=\"fr_FR\" \/>\n<meta property=\"og:type\" content=\"article\" \/>\n<meta property=\"og:title\" content=\"Candidater - Skills-Alliance\" \/>\n<meta property=\"og:description\" content=\"Candidater Managers Vous souhaitez en savoir plus sur Skills-Alliance\u00ae ? N\u2019h\u00e9sitez pas \u00e0 nous envoyer un message. Si vous \u00eates int\u00e9ress\u00e9s \u00e0 rejoindre Skills-Alliance\u00ae en tant que manager de transition, et que vous adh\u00e9rez aux valeurs de notre charte, remplissez le formulaire cooptation.\u00a0 Vous avez : Une vingtaine d&rsquo;ann\u00e9es d\u2019exp\u00e9rience professionnelle dans des fonctions de&hellip;\" \/>\n<meta property=\"og:url\" content=\"https:\/\/www.skills-alliance.com\/fr\/candidater\/\" \/>\n<meta property=\"og:site_name\" content=\"Skills-Alliance\" \/>\n<meta property=\"article:modified_time\" content=\"2025-03-09T16:58:50+00:00\" \/>\n<meta name=\"twitter:card\" content=\"summary_large_image\" \/>\n<meta name=\"twitter:label1\" content=\"Dur\u00e9e de lecture estim\u00e9e\" \/>\n\t<meta name=\"twitter:data1\" content=\"2 minutes\" \/>\n<script type=\"application\/ld+json\" class=\"yoast-schema-graph\">{\"@context\":\"https:\\\/\\\/schema.org\",\"@graph\":[{\"@type\":\"WebPage\",\"@id\":\"https:\\\/\\\/www.skills-alliance.com\\\/fr\\\/candidater\\\/\",\"url\":\"https:\\\/\\\/www.skills-alliance.com\\\/fr\\\/candidater\\\/\",\"name\":\"Candidater - Skills-Alliance\",\"isPartOf\":{\"@id\":\"https:\\\/\\\/www.skills-alliance.com\\\/fr\\\/#website\"},\"datePublished\":\"2021-10-13T09:45:38+00:00\",\"dateModified\":\"2025-03-09T16:58:50+00:00\",\"breadcrumb\":{\"@id\":\"https:\\\/\\\/www.skills-alliance.com\\\/fr\\\/candidater\\\/#breadcrumb\"},\"inLanguage\":\"fr-FR\",\"potentialAction\":[{\"@type\":\"ReadAction\",\"target\":[\"https:\\\/\\\/www.skills-alliance.com\\\/fr\\\/candidater\\\/\"]}]},{\"@type\":\"BreadcrumbList\",\"@id\":\"https:\\\/\\\/www.skills-alliance.com\\\/fr\\\/candidater\\\/#breadcrumb\",\"itemListElement\":[{\"@type\":\"ListItem\",\"position\":1,\"name\":\"Accueil\",\"item\":\"https:\\\/\\\/www.skills-alliance.com\\\/fr\\\/\"},{\"@type\":\"ListItem\",\"position\":2,\"name\":\"Candidater\"}]},{\"@type\":\"WebSite\",\"@id\":\"https:\\\/\\\/www.skills-alliance.com\\\/fr\\\/#website\",\"url\":\"https:\\\/\\\/www.skills-alliance.com\\\/fr\\\/\",\"name\":\"Skills-Alliance\",\"description\":\"Internationnal Executive Interim Management\",\"publisher\":{\"@id\":\"https:\\\/\\\/www.skills-alliance.com\\\/fr\\\/#organization\"},\"potentialAction\":[{\"@type\":\"SearchAction\",\"target\":{\"@type\":\"EntryPoint\",\"urlTemplate\":\"https:\\\/\\\/www.skills-alliance.com\\\/fr\\\/?s={search_term_string}\"},\"query-input\":{\"@type\":\"PropertyValueSpecification\",\"valueRequired\":true,\"valueName\":\"search_term_string\"}}],\"inLanguage\":\"fr-FR\"},{\"@type\":\"Organization\",\"@id\":\"https:\\\/\\\/www.skills-alliance.com\\\/fr\\\/#organization\",\"name\":\"Skills-Alliance\",\"url\":\"https:\\\/\\\/www.skills-alliance.com\\\/fr\\\/\",\"logo\":{\"@type\":\"ImageObject\",\"inLanguage\":\"fr-FR\",\"@id\":\"https:\\\/\\\/www.skills-alliance.com\\\/fr\\\/#\\\/schema\\\/logo\\\/image\\\/\",\"url\":\"https:\\\/\\\/www.skills-alliance.com\\\/wp-content\\\/uploads\\\/2021\\\/08\\\/Logo_Skills-Alliance_SA_200.png\",\"contentUrl\":\"https:\\\/\\\/www.skills-alliance.com\\\/wp-content\\\/uploads\\\/2021\\\/08\\\/Logo_Skills-Alliance_SA_200.png\",\"width\":200,\"height\":68,\"caption\":\"Skills-Alliance\"},\"image\":{\"@id\":\"https:\\\/\\\/www.skills-alliance.com\\\/fr\\\/#\\\/schema\\\/logo\\\/image\\\/\"}}]}<\/script>\n<!-- \/ Yoast SEO plugin. -->","yoast_head_json":{"title":"Candidater - Skills-Alliance","robots":{"index":"index","follow":"follow","max-snippet":"max-snippet:-1","max-image-preview":"max-image-preview:large","max-video-preview":"max-video-preview:-1"},"canonical":"https:\/\/www.skills-alliance.com\/fr\/candidater\/","og_locale":"fr_FR","og_type":"article","og_title":"Candidater - Skills-Alliance","og_description":"Candidater Managers Vous souhaitez en savoir plus sur Skills-Alliance\u00ae ? N\u2019h\u00e9sitez pas \u00e0 nous envoyer un message. Si vous \u00eates int\u00e9ress\u00e9s \u00e0 rejoindre Skills-Alliance\u00ae en tant que manager de transition, et que vous adh\u00e9rez aux valeurs de notre charte, remplissez le formulaire cooptation.\u00a0 Vous avez : Une vingtaine d&rsquo;ann\u00e9es d\u2019exp\u00e9rience professionnelle dans des fonctions de&hellip;","og_url":"https:\/\/www.skills-alliance.com\/fr\/candidater\/","og_site_name":"Skills-Alliance","article_modified_time":"2025-03-09T16:58:50+00:00","twitter_card":"summary_large_image","twitter_misc":{"Dur\u00e9e de lecture estim\u00e9e":"2 minutes"},"schema":{"@context":"https:\/\/schema.org","@graph":[{"@type":"WebPage","@id":"https:\/\/www.skills-alliance.com\/fr\/candidater\/","url":"https:\/\/www.skills-alliance.com\/fr\/candidater\/","name":"Candidater - Skills-Alliance","isPartOf":{"@id":"https:\/\/www.skills-alliance.com\/fr\/#website"},"datePublished":"2021-10-13T09:45:38+00:00","dateModified":"2025-03-09T16:58:50+00:00","breadcrumb":{"@id":"https:\/\/www.skills-alliance.com\/fr\/candidater\/#breadcrumb"},"inLanguage":"fr-FR","potentialAction":[{"@type":"ReadAction","target":["https:\/\/www.skills-alliance.com\/fr\/candidater\/"]}]},{"@type":"BreadcrumbList","@id":"https:\/\/www.skills-alliance.com\/fr\/candidater\/#breadcrumb","itemListElement":[{"@type":"ListItem","position":1,"name":"Accueil","item":"https:\/\/www.skills-alliance.com\/fr\/"},{"@type":"ListItem","position":2,"name":"Candidater"}]},{"@type":"WebSite","@id":"https:\/\/www.skills-alliance.com\/fr\/#website","url":"https:\/\/www.skills-alliance.com\/fr\/","name":"Skills-Alliance","description":"Internationnal Executive Interim Management","publisher":{"@id":"https:\/\/www.skills-alliance.com\/fr\/#organization"},"potentialAction":[{"@type":"SearchAction","target":{"@type":"EntryPoint","urlTemplate":"https:\/\/www.skills-alliance.com\/fr\/?s={search_term_string}"},"query-input":{"@type":"PropertyValueSpecification","valueRequired":true,"valueName":"search_term_string"}}],"inLanguage":"fr-FR"},{"@type":"Organization","@id":"https:\/\/www.skills-alliance.com\/fr\/#organization","name":"Skills-Alliance","url":"https:\/\/www.skills-alliance.com\/fr\/","logo":{"@type":"ImageObject","inLanguage":"fr-FR","@id":"https:\/\/www.skills-alliance.com\/fr\/#\/schema\/logo\/image\/","url":"https:\/\/www.skills-alliance.com\/wp-content\/uploads\/2021\/08\/Logo_Skills-Alliance_SA_200.png","contentUrl":"https:\/\/www.skills-alliance.com\/wp-content\/uploads\/2021\/08\/Logo_Skills-Alliance_SA_200.png","width":200,"height":68,"caption":"Skills-Alliance"},"image":{"@id":"https:\/\/www.skills-alliance.com\/fr\/#\/schema\/logo\/image\/"}}]}},"_links":{"self":[{"href":"https:\/\/www.skills-alliance.com\/fr\/wp-json\/wp\/v2\/pages\/6792","targetHints":{"allow":["GET"]}}],"collection":[{"href":"https:\/\/www.skills-alliance.com\/fr\/wp-json\/wp\/v2\/pages"}],"about":[{"href":"https:\/\/www.skills-alliance.com\/fr\/wp-json\/wp\/v2\/types\/page"}],"author":[{"embeddable":true,"href":"https:\/\/www.skills-alliance.com\/fr\/wp-json\/wp\/v2\/users\/1"}],"replies":[{"embeddable":true,"href":"https:\/\/www.skills-alliance.com\/fr\/wp-json\/wp\/v2\/comments?post=6792"}],"version-history":[{"count":0,"href":"https:\/\/www.skills-alliance.com\/fr\/wp-json\/wp\/v2\/pages\/6792\/revisions"}],"wp:attachment":[{"href":"https:\/\/www.skills-alliance.com\/fr\/wp-json\/wp\/v2\/media?parent=6792"}],"curies":[{"name":"wp","href":"https:\/\/api.w.org\/{rel}","templated":true}]}}